{"id":3260,"date":"2021-07-16T09:13:25","date_gmt":"2021-07-16T13:13:25","guid":{"rendered":"https:\/\/www.inuitcircumpolar.com\/inuit-ukiuqtaqtumiutauqatigiit-katimajingit-piliriangujut\/pikialasursuaq-katimajingit\/"},"modified":"2026-02-09T15:08:29","modified_gmt":"2026-02-09T20:08:29","slug":"pikialasorsuaq-commission","status":"publish","type":"page","link":"https:\/\/www.inuitcircumpolar.com\/staging\/icc-activities\/pikialasorsuaq-commission\/?lang=iuq","title":{"rendered":"Pikialasursuaq Katimajingit"},"content":{"rendered":"<div class=\"et_pb_section_0 et_pb_section et_section_regular et_block_section\"><div class=\"et_pb_row_0 et_pb_row et_block_row\"><div class=\"et_pb_column_0 et_pb_column et_pb_column_4_4 et-last-child et_block_column et_pb_css_mix_blend_mode_passthrough\"><div class=\"et_pb_text_0 et_pb_text et_pb_bg_layout_dark et_pb_bg_layout_light_hover et_animated et_pb_module et_block_module et_pb_text_align_center\"><div class=\"et_pb_text_inner\"><h1>Inuit Ukiuqtaqtumiuqatigiit Katimajingit Piliriaksangit<\/h1>\n<\/div><\/div><div class=\"et_pb_text_1 et_pb_text et_pb_bg_layout_dark et_pb_module et_block_module et_pb_text_align_center\"><div class=\"et_pb_text_inner\"><h2>Pigiarutiqaqtuminiit Sivumuakkanniqullugit Inuit Takunnaqtangit<\/h2>\n<\/div><\/div><\/div><\/div><div class=\"et_pb_row_1 et_pb_row et_pb_row_4col et_pb_gutters1 et_block_row et_block_row_4col et_animated\"><div class=\"et_pb_column_1 et_pb_column et_pb_column_1_4 et_block_column et_pb_css_mix_blend_mode_passthrough\"><div class=\"et_pb_text_2 et_pb_text et_pb_bg_layout_dark et_clickable et_pb_module et_block_module et_pb_text_align_center\"><div class=\"et_pb_text_inner\"><p>Inuit Ukiuqtaqtumiuqatigiit Katimajingingmut Tunisigumaguvit<\/p>\n<\/div><\/div><\/div><div class=\"et_pb_column_2 et_pb_column et_pb_column_1_4 et_block_column et_pb_css_mix_blend_mode_passthrough\"><div class=\"et_pb_text_3 et_pb_text et_pb_bg_layout_dark et_clickable et_pb_module et_block_module et_pb_text_align_center\"><div class=\"et_pb_text_inner\"><p>Inuit Ukiuqtaqtumiuqatigiit Katimajingit Alaaska<\/p>\n<\/div><\/div><\/div><div class=\"et_pb_column_3 et_pb_column et_pb_column_1_4 et_block_column et_pb_css_mix_blend_mode_passthrough\"><div class=\"et_pb_text_4 et_pb_text et_pb_bg_layout_dark et_clickable et_pb_module et_block_module et_pb_text_align_center\"><div class=\"et_pb_text_inner\"><p>Inuit Ukiuqtaqtumiuqatigiit Katimajingit Kalaa\u0142iit Nunaani<\/p>\n<\/div><\/div><\/div><div class=\"et_pb_column_4 et_pb_column et_pb_column_1_4 et-last-child et_block_column et_pb_css_mix_blend_mode_passthrough\"><div class=\"et_pb_text_5 et_pb_text et_pb_bg_layout_dark et_clickable et_pb_module et_block_module et_pb_text_align_center\"><div class=\"et_pb_text_inner\"><p>Inuit Ukiuqtaqtumiuqatigiit Katimajingit Sukuutka<\/p>\n<\/div><\/div><\/div><\/div><\/div><div class=\"et_pb_section_1 et_pb_section et_section_regular et_block_section\"><div class=\"et_pb_row_2 et_pb_row et_block_row\"><div class=\"et_pb_column_5 et_pb_column et_pb_column_4_4 et-last-child et_block_column et_pb_css_mix_blend_mode_passthrough\"><div class=\"et_pb_post_title_0 et_pb_post_title et_pb_bg_layout_light et_pb_module et_block_module\"><div class=\"et_pb_title_container\"><h1 class=\"entry-title\">Pikialasursuaq Katimajingit<\/h1><\/div><\/div><div class=\"et_pb_divider_0 et_pb_divider et_pb_space et_pb_divider_position_top et_pb_module\"><div class=\"et_pb_divider_internal\"><\/div><\/div><div class=\"et_pb_text_6 et_pb_text et_pb_bg_layout_light et_pb_module et_block_module\"><div class=\"et_pb_text_inner\"><p>Katimaqatigiippattut piliriangujumit kamagijaujunik Inuit Ukiuqtaqtumiinguqatigiinnut Katimajinginnut Kalaa\u0142iit Nunaani Kanatamillu tamatuminga Avatittinni Kamattiarasuarnirmut turaagagijaujunik 2014\u2212lisaq Kitigaaruit Nalunaiqtausimajut attuajunut ingirraniq taijauvammijunik Pikialasursuarmit akunninganiittunik Kalaa\u0142iit Nunaani ammalu Kanatami.<\/p>\n<p>Taakkua Pikialasursuaq Katimajingit, saqqiqtaulauqsimallutit 2016\u2212mi. Inunnit Kamagijauju Katimajiqaqtutit kamajut katimatittivattutit nunalinni qanittunit Pikiasursuarmut.<\/p>\n<p>Pikialasursuaq tukilik \u201cingirranialuk\u201d. Kalaa\u0142iit (Pingannangani Kalaa\u0142iit) atiqtausimajuq Uangnanganiittuq Imaq ingirraniujuq attuajuq Kanatamut Kalaa\u0142iit Nunaanullu. Ingirranik sikugunnangittuq arraagulimaaq imavimmiittuq anurimullu ingirraniulluni. Umajulirjuaraaluk kamanammarittuq. Pikialasursuaq anginiqpaangujuq Ukiuqtaqtumi uumajuqauqtuni pingannangani Ukiuqtaqtuup Kajjinganni.<\/p>\n<p>Ilangata pijjutinga katimajiit ulurianaqtumiilirningannut taanna Pikialasursuaq. Isumaalunarngat attuqtauningannut sila asijjipallianingannut, umiarjuataqarniqsaulirningannut, pivallianinginnut kisutuinnait, pularaqtulirinirmut ammalu niurrutissanginnu iqalugasuvviuliqtuni.<\/p>\n<p>Katimajiit naalattittivattut Nunavummi Kalaa\u0142iillu Nunaani, uqausiqaqtunit Inunnit qattituinnarnit ukiulinnik najuqtauvattunik ukiuqtaqtumi aulatausimaliqtuq tamanna kinguvaariinnut qanurlu Inuit takunnannguarmangaata sivunittinni tamatuminga imarmit pimmarialuujumit uvattinnut.<\/p>\n<p>Unikkaaliangulauqtumit saqqiqtausimajuq Nuvipirimi 2017 taijaq Inungit Sikumi Ikaarvi: Sivunittinni Pikialasursuarmit. Katimajiit piliriangit, unikkaaliurnimillu atuinnaummijut qarasaujakkut uvani<\/p>\n<p><a href=\"https:\/\/www.inuitcircumpolar.com\/staging\/wp-content\/uploads\/future-of-the-pikialasorsuaq.pdf\" target=\"_blank\" rel=\"noopener\">Download PDF<\/a><\/p>\n<\/div><\/div><\/div><\/div><\/div>","protected":false},"excerpt":{"rendered":"","protected":false},"author":1,"featured_media":0,"parent":2737,"menu_order":0,"comment_status":"closed","ping_status":"closed","template":"","meta":{"_monsterinsights_skip_tracking":false,"_monsterinsights_sitenote_active":false,"_monsterinsights_sitenote_note":"","_monsterinsights_sitenote_category":0,"footnotes":""},"class_list":["post-3260","page","type-page","status-publish","hentry"],"aioseo_notices":[],"_links":{"self":[{"href":"https:\/\/www.inuitcircumpolar.com\/staging\/wp-json\/wp\/v2\/pages\/3260","targetHints":{"allow":["GET"]}}],"collection":[{"href":"https:\/\/www.inuitcircumpolar.com\/staging\/wp-json\/wp\/v2\/pages"}],"about":[{"href":"https:\/\/www.inuitcircumpolar.com\/staging\/wp-json\/wp\/v2\/types\/page"}],"author":[{"embeddable":true,"href":"https:\/\/www.inuitcircumpolar.com\/staging\/wp-json\/wp\/v2\/users\/1"}],"replies":[{"embeddable":true,"href":"https:\/\/www.inuitcircumpolar.com\/staging\/wp-json\/wp\/v2\/comments?post=3260"}],"version-history":[{"count":1,"href":"https:\/\/www.inuitcircumpolar.com\/staging\/wp-json\/wp\/v2\/pages\/3260\/revisions"}],"predecessor-version":[{"id":987515937,"href":"https:\/\/www.inuitcircumpolar.com\/staging\/wp-json\/wp\/v2\/pages\/3260\/revisions\/987515937"}],"up":[{"embeddable":true,"href":"https:\/\/www.inuitcircumpolar.com\/staging\/wp-json\/wp\/v2\/pages\/2737"}],"wp:attachment":[{"href":"https:\/\/www.inuitcircumpolar.com\/staging\/wp-json\/wp\/v2\/media?parent=3260"}],"curies":[{"name":"wp","href":"https:\/\/api.w.org\/{rel}","templated":true}]}}